{"id":41,"date":"2025-09-17T11:47:52","date_gmt":"2025-09-17T11:47:52","guid":{"rendered":"https:\/\/www.poulalier.louisst.o2switch.site\/blog\/?page_id=41"},"modified":"2025-11-04T19:17:44","modified_gmt":"2025-11-04T18:17:44","slug":"presentation-2","status":"publish","type":"page","link":"https:\/\/www.poulalier.louisst.o2switch.site\/blog\/presentation-2\/","title":{"rendered":"pr\u00e9sentation"},"content":{"rendered":"\n<p>jJe m\u2019appelle Pablo Poulalier, j\u2019ai 18 ans et je suis actuellement \u00e9tudiant en BTS N\u00e9gociation et Digitalisation de la Relation Client (NDRC). Je viens d\u2019une famille de quatre personnes. Mes parents sont s\u00e9par\u00e9s, et j\u2019ai une s\u0153ur de 21 ans qui vit aujourd\u2019hui en Suisse, o\u00f9 elle travaille dans le milieu automobile en tant que pr\u00e9paratrice chez BMW.<\/p>\n\n\n\n<p>Depuis toujours, je suis passionn\u00e9 par deux univers qui me motivent \u00e9norm\u00e9ment : le football et l\u2019automobile. Cette derni\u00e8re passion a une dimension g\u00e9n\u00e9rationnelle dans ma famille, puisqu\u2019elle vient de mon grand-p\u00e8re, qui nous a transmis son amour pour les voitures et tout ce qui touche \u00e0 ce domaine.<\/p>\n\n\n\n<p>Gr\u00e2ce \u00e0 cette passion et \u00e0 mon go\u00fbt pour le contact humain, j\u2019ai choisi de m\u2019orienter vers une carri\u00e8re dans la vente automobile. Mon objectif est de commencer comme vendeur, afin d\u2019apprendre le m\u00e9tier sur le terrain, puis d\u2019\u00e9voluer au fil des ann\u00e9es vers un poste \u00e0 plus grande responsabilit\u00e9. Je suis motiv\u00e9, d\u00e9termin\u00e9 et curieux d\u2019en apprendre davantage sur ce secteur qui me fascine depuis l\u2019enfance<\/p>\n\n\n\n<p><br><\/p>\n\n\n\n<h2 class=\"wp-block-heading\">mon site <\/h2>\n\n\n\n<p>Dans ce site, vous allez retrouver la pr\u00e9sentation de ma formation actuelle, ainsi qu\u2019une partie consacr\u00e9e \u00e0 mon projet professionnel, qui est de devenir vendeur automobile.<\/p>\n\n\n\n<p>Je vous parlerai aussi de mes passions, le football et l\u2019automobile, deux domaines qui occupent une place importante dans ma vie.<\/p>\n\n\n\n<p>Ce site me permet de partager mon parcours, mes ambitions et ce qui me motive au quotidien. Bonne visite !<\/p>\n\n\n\n<p><\/p>\n","protected":false},"excerpt":{"rendered":"<p>jJe m\u2019appelle Pablo Poulalier, j\u2019ai 18 ans et je suis actuellement \u00e9tudiant en BTS N\u00e9gociation et Digitalisation de la Relation Client (NDRC). Je viens d\u2019une famille de quatre personnes. Mes parents sont s\u00e9par\u00e9s, et j\u2019ai une s\u0153ur de 21 ans qui vit aujourd\u2019hui en Suisse, o\u00f9 elle travaille dans le milieu automobile en tant que [&hellip;]<\/p>\n","protected":false},"author":1,"featured_media":0,"parent":0,"menu_order":0,"comment_status":"closed","ping_status":"closed","template":"","meta":{"_uag_custom_page_level_css":"","site-sidebar-layout":"default","site-content-layout":"","ast-site-content-layout":"default","site-content-style":"default","site-sidebar-style":"default","ast-global-header-display":"","ast-banner-title-visibility":"","ast-main-header-display":"","ast-hfb-above-header-display":"","ast-hfb-below-header-display":"","ast-hfb-mobile-header-display":"","site-post-title":"","ast-breadcrumbs-content":"","ast-featured-img":"","footer-sml-layout":"","theme-transparent-header-meta":"","adv-header-id-meta":"","stick-header-meta":"","header-above-stick-meta":"","header-main-stick-meta":"","header-below-stick-meta":"","astra-migrate-meta-layouts":"default","ast-page-background-enabled":"default","ast-page-background-meta":{"desktop":{"background-color":"var(--ast-global-color-5)","background-image":"","background-repeat":"repeat","background-position":"center center","background-size":"auto","background-attachment":"scroll","background-type":"","background-media":"","overlay-type":"","overlay-color":"","overlay-opacity":"","overlay-gradient":""},"tablet":{"background-color":"","background-image":"","background-repeat":"repeat","background-position":"center center","background-size":"auto","background-attachment":"scroll","background-type":"","background-media":"","overlay-type":"","overlay-color":"","overlay-opacity":"","overlay-gradient":""},"mobile":{"background-color":"","background-image":"","background-repeat":"repeat","background-position":"center center","background-size":"auto","background-attachment":"scroll","background-type":"","background-media":"","overlay-type":"","overlay-color":"","overlay-opacity":"","overlay-gradient":""}},"ast-content-background-meta":{"desktop":{"background-color":"var(--ast-global-color-4)","background-image":"","background-repeat":"repeat","background-position":"center center","background-size":"auto","background-attachment":"scroll","background-type":"","background-media":"","overlay-type":"","overlay-color":"","overlay-opacity":"","overlay-gradient":""},"tablet":{"background-color":"var(--ast-global-color-4)","background-image":"","background-repeat":"repeat","background-position":"center center","background-size":"auto","background-attachment":"scroll","background-type":"","background-media":"","overlay-type":"","overlay-color":"","overlay-opacity":"","overlay-gradient":""},"mobile":{"background-color":"var(--ast-global-color-4)","background-image":"","background-repeat":"repeat","background-position":"center center","background-size":"auto","background-attachment":"scroll","background-type":"","background-media":"","overlay-type":"","overlay-color":"","overlay-opacity":"","overlay-gradient":""}},"footnotes":""},"class_list":["post-41","page","type-page","status-publish","hentry"],"uagb_featured_image_src":{"full":false,"thumbnail":false,"medium":false,"medium_large":false,"large":false,"1536x1536":false,"2048x2048":false},"uagb_author_info":{"display_name":"admin","author_link":"https:\/\/www.poulalier.louisst.o2switch.site\/blog\/author\/admin\/"},"uagb_comment_info":0,"uagb_excerpt":"jJe m\u2019appelle Pablo Poulalier, j\u2019ai 18 ans et je suis actuellement \u00e9tudiant en BTS N\u00e9gociation et Digitalisation de la Relation Client (NDRC). Je viens d\u2019une famille de quatre personnes. Mes parents sont s\u00e9par\u00e9s, et j\u2019ai une s\u0153ur de 21 ans qui vit aujourd\u2019hui en Suisse, o\u00f9 elle travaille dans le milieu automobile en tant que\u2026","_links":{"self":[{"href":"https:\/\/www.poulalier.louisst.o2switch.site\/blog\/wp-json\/wp\/v2\/pages\/41","targetHints":{"allow":["GET"]}}],"collection":[{"href":"https:\/\/www.poulalier.louisst.o2switch.site\/blog\/wp-json\/wp\/v2\/pages"}],"about":[{"href":"https:\/\/www.poulalier.louisst.o2switch.site\/blog\/wp-json\/wp\/v2\/types\/page"}],"author":[{"embeddable":true,"href":"https:\/\/www.poulalier.louisst.o2switch.site\/blog\/wp-json\/wp\/v2\/users\/1"}],"replies":[{"embeddable":true,"href":"https:\/\/www.poulalier.louisst.o2switch.site\/blog\/wp-json\/wp\/v2\/comments?post=41"}],"version-history":[{"count":17,"href":"https:\/\/www.poulalier.louisst.o2switch.site\/blog\/wp-json\/wp\/v2\/pages\/41\/revisions"}],"predecessor-version":[{"id":210,"href":"https:\/\/www.poulalier.louisst.o2switch.site\/blog\/wp-json\/wp\/v2\/pages\/41\/revisions\/210"}],"wp:attachment":[{"href":"https:\/\/www.poulalier.louisst.o2switch.site\/blog\/wp-json\/wp\/v2\/media?parent=41"}],"curies":[{"name":"wp","href":"https:\/\/api.w.org\/{rel}","templated":true}]}}