{"id":44,"date":"2025-09-17T11:49:41","date_gmt":"2025-09-17T11:49:41","guid":{"rendered":"https:\/\/www.poulalier.louisst.o2switch.site\/blog\/?page_id=44"},"modified":"2025-11-03T19:07:36","modified_gmt":"2025-11-03T18:07:36","slug":"projet-professionnels","status":"publish","type":"page","link":"https:\/\/www.poulalier.louisst.o2switch.site\/blog\/projet-professionnels\/","title":{"rendered":"projets professionnels"},"content":{"rendered":"\n<h2 class=\"wp-block-heading\">pr\u00e9sentation de mon projet professionnel <\/h2>\n\n\n\n<p>Apr\u00e8s l\u2019obtention de mon BTS NDRC, j\u2019envisage plusieurs orientations pour ma carri\u00e8re. D\u2019abord, je souhaite approfondir mes comp\u00e9tences en int\u00e9grant le GNFA, une \u00e9cole sp\u00e9cialis\u00e9e dans l\u2019automobile. Ensuite, je peux aussi choisir de commencer directement dans une concession automobile, par exemple dans une gamme ouverte comme Volkswagen, pour \u00e9voluer par la suite vers une concession haut de gamme comme Porsche. Enfin, je consid\u00e8re \u00e9galement une carri\u00e8re de vendeur en horlogerie, ce qui me permet de diversifier mes comp\u00e9tences. Mon objectif principal est de devenir chef des ventes dans le domaine automobile.<br><\/p>\n\n\n\n<h2 class=\"wp-block-heading\">pr\u00e9sentation GNFA<\/h2>\n\n\n\n<figure class=\"wp-block-embed is-type-video is-provider-youtube wp-block-embed-youtube wp-embed-aspect-16-9 wp-has-aspect-ratio\"><div class=\"wp-block-embed__wrapper\">\n<div class=\"ast-oembed-container \" style=\"height: 100%;\"><iframe loading=\"lazy\" title=\"Pr\u00e9sentation du GNFA\" width=\"500\" height=\"281\" src=\"https:\/\/www.youtube.com\/embed\/krSKypcvZ9M?feature=oembed\" frameborder=\"0\" allow=\"accelerometer; autoplay; clipboard-write; encrypted-media; gyroscope; picture-in-picture; web-share\" referrerpolicy=\"strict-origin-when-cross-origin\" allowfullscreen><\/iframe><\/div>\n<\/div><\/figure>\n\n\n<h1 class=\"wp-block-site-title\"><a href=\"https:\/\/www.poulalier.louisst.o2switch.site\/blog\" target=\"_self\" rel=\"home\">D\u00e9couvrir et vivre <\/a><\/h1>\n\n\n<h2 class=\"wp-block-heading\">pr\u00e9sentation du m\u00e9tier de vendeur auto<\/h2>\n\n\n\n<figure class=\"wp-block-embed is-type-video is-provider-youtube wp-block-embed-youtube wp-embed-aspect-16-9 wp-has-aspect-ratio\"><div class=\"wp-block-embed__wrapper\">\n<div class=\"ast-oembed-container \" style=\"height: 100%;\"><iframe loading=\"lazy\" title=\"Zoom sur... le m\u00e9tier de vendeur automobile\" width=\"500\" height=\"281\" src=\"https:\/\/www.youtube.com\/embed\/I5May5UN5FY?feature=oembed\" frameborder=\"0\" allow=\"accelerometer; autoplay; clipboard-write; encrypted-media; gyroscope; picture-in-picture; web-share\" referrerpolicy=\"strict-origin-when-cross-origin\" allowfullscreen><\/iframe><\/div>\n<\/div><\/figure>\n","protected":false},"excerpt":{"rendered":"<p>pr\u00e9sentation de mon projet professionnel Apr\u00e8s l\u2019obtention de mon BTS NDRC, j\u2019envisage plusieurs orientations pour ma carri\u00e8re. D\u2019abord, je souhaite approfondir mes comp\u00e9tences en int\u00e9grant le GNFA, une \u00e9cole sp\u00e9cialis\u00e9e dans l\u2019automobile. Ensuite, je peux aussi choisir de commencer directement dans une concession automobile, par exemple dans une gamme ouverte comme Volkswagen, pour \u00e9voluer par [&hellip;]<\/p>\n","protected":false},"author":1,"featured_media":0,"parent":0,"menu_order":0,"comment_status":"closed","ping_status":"closed","template":"","meta":{"_uag_custom_page_level_css":"","site-sidebar-layout":"default","site-content-layout":"","ast-site-content-layout":"default","site-content-style":"default","site-sidebar-style":"default","ast-global-header-display":"","ast-banner-title-visibility":"","ast-main-header-display":"","ast-hfb-above-header-display":"","ast-hfb-below-header-display":"","ast-hfb-mobile-header-display":"","site-post-title":"","ast-breadcrumbs-content":"","ast-featured-img":"","footer-sml-layout":"","theme-transparent-header-meta":"","adv-header-id-meta":"","stick-header-meta":"","header-above-stick-meta":"","header-main-stick-meta":"","header-below-stick-meta":"","astra-migrate-meta-layouts":"default","ast-page-background-enabled":"default","ast-page-background-meta":{"desktop":{"background-color":"var(--ast-global-color-5)","background-image":"","background-repeat":"repeat","background-position":"center center","background-size":"auto","background-attachment":"scroll","background-type":"","background-media":"","overlay-type":"","overlay-color":"","overlay-opacity":"","overlay-gradient":""},"tablet":{"background-color":"","background-image":"","background-repeat":"repeat","background-position":"center center","background-size":"auto","background-attachment":"scroll","background-type":"","background-media":"","overlay-type":"","overlay-color":"","overlay-opacity":"","overlay-gradient":""},"mobile":{"background-color":"","background-image":"","background-repeat":"repeat","background-position":"center center","background-size":"auto","background-attachment":"scroll","background-type":"","background-media":"","overlay-type":"","overlay-color":"","overlay-opacity":"","overlay-gradient":""}},"ast-content-background-meta":{"desktop":{"background-color":"var(--ast-global-color-4)","background-image":"","background-repeat":"repeat","background-position":"center center","background-size":"auto","background-attachment":"scroll","background-type":"","background-media":"","overlay-type":"","overlay-color":"","overlay-opacity":"","overlay-gradient":""},"tablet":{"background-color":"var(--ast-global-color-4)","background-image":"","background-repeat":"repeat","background-position":"center center","background-size":"auto","background-attachment":"scroll","background-type":"","background-media":"","overlay-type":"","overlay-color":"","overlay-opacity":"","overlay-gradient":""},"mobile":{"background-color":"var(--ast-global-color-4)","background-image":"","background-repeat":"repeat","background-position":"center center","background-size":"auto","background-attachment":"scroll","background-type":"","background-media":"","overlay-type":"","overlay-color":"","overlay-opacity":"","overlay-gradient":""}},"footnotes":""},"class_list":["post-44","page","type-page","status-publish","hentry"],"uagb_featured_image_src":{"full":false,"thumbnail":false,"medium":false,"medium_large":false,"large":false,"1536x1536":false,"2048x2048":false},"uagb_author_info":{"display_name":"admin","author_link":"https:\/\/www.poulalier.louisst.o2switch.site\/blog\/author\/admin\/"},"uagb_comment_info":0,"uagb_excerpt":"pr\u00e9sentation de mon projet professionnel Apr\u00e8s l\u2019obtention de mon BTS NDRC, j\u2019envisage plusieurs orientations pour ma carri\u00e8re. D\u2019abord, je souhaite approfondir mes comp\u00e9tences en int\u00e9grant le GNFA, une \u00e9cole sp\u00e9cialis\u00e9e dans l\u2019automobile. Ensuite, je peux aussi choisir de commencer directement dans une concession automobile, par exemple dans une gamme ouverte comme Volkswagen, pour \u00e9voluer par\u2026","_links":{"self":[{"href":"https:\/\/www.poulalier.louisst.o2switch.site\/blog\/wp-json\/wp\/v2\/pages\/44","targetHints":{"allow":["GET"]}}],"collection":[{"href":"https:\/\/www.poulalier.louisst.o2switch.site\/blog\/wp-json\/wp\/v2\/pages"}],"about":[{"href":"https:\/\/www.poulalier.louisst.o2switch.site\/blog\/wp-json\/wp\/v2\/types\/page"}],"author":[{"embeddable":true,"href":"https:\/\/www.poulalier.louisst.o2switch.site\/blog\/wp-json\/wp\/v2\/users\/1"}],"replies":[{"embeddable":true,"href":"https:\/\/www.poulalier.louisst.o2switch.site\/blog\/wp-json\/wp\/v2\/comments?post=44"}],"version-history":[{"count":7,"href":"https:\/\/www.poulalier.louisst.o2switch.site\/blog\/wp-json\/wp\/v2\/pages\/44\/revisions"}],"predecessor-version":[{"id":207,"href":"https:\/\/www.poulalier.louisst.o2switch.site\/blog\/wp-json\/wp\/v2\/pages\/44\/revisions\/207"}],"wp:attachment":[{"href":"https:\/\/www.poulalier.louisst.o2switch.site\/blog\/wp-json\/wp\/v2\/media?parent=44"}],"curies":[{"name":"wp","href":"https:\/\/api.w.org\/{rel}","templated":true}]}}